{"id":75,"date":"2024-02-25T15:39:05","date_gmt":"2024-02-25T14:39:05","guid":{"rendered":"https:\/\/xn--conomie-critique-9pb.fr\/?page_id=75"},"modified":"2024-04-02T18:14:43","modified_gmt":"2024-04-02T16:14:43","slug":"critique-des-neoclassiques-et-initiation-didactique-a-leconomie-marxiste","status":"publish","type":"page","link":"https:\/\/xn--conomie-critique-9pb.fr\/","title":{"rendered":"Critique \u00e9conomique"},"content":{"rendered":"\n<h3 class=\"wp-block-heading\">Critique des n\u00e9oclassiques et initiation didactique \u00e0 l&rsquo;\u00e9conomie marxiste<\/h3>\n\n\n\n<p>La th\u00e9orie \u00e9conomique n\u00e9oclassique a largement \u00e9vinc\u00e9 ses concurrentes des formations universitaires. Elle sert principalement de justification aux politiques n\u00e9olib\u00e9rales. Je vais pr\u00e9senter les bases de cette th\u00e9orie telles qu&rsquo;elles sont enseign\u00e9es aux \u00e9tudiants dans les manuels. J\u2019expliquerai que les statistiques \u00e9conomiques sapent les fondements de cette th\u00e9orie. Je pr\u00e9senterais ensuite tr\u00e8s simplement les concepts de l&rsquo;\u00e9conomie marxiste, seule \u00e0 m\u00eame de comprendre l&rsquo;\u00e9conomie r\u00e9elle.<\/p>\n\n\n\n<h3 class=\"wp-block-heading\">Comment les \u00e9conomistes n\u00e9oclassiques justifient le ch\u00f4mage:<\/h3>\n\n\n<a class=\"wp-block-read-more\" href=\"https:\/\/xn--conomie-critique-9pb.fr\/\" target=\"_self\"><a href=\"https:\/\/xn--conomie-critique-9pb.fr\/?page_id=62\">Le ch\u00f4mage selon la th\u00e9orie n\u00e9oclassique\u2026 Une arnaque ?<\/a><span class=\"screen-reader-text\">\u00a0: Critique \u00e9conomique<\/span><\/a>\n\n\n<p><\/p>\n\n\n\n<div class=\"wp-block-group is-nowrap is-layout-flex wp-container-core-group-layout-1 wp-block-group-is-layout-flex\">\n<h3 class=\"wp-block-heading\">Initiation didactique \u00e0 l&rsquo;\u00e9conomie marxiste:<\/h3>\n<\/div>\n\n\n<a class=\"wp-block-read-more\" href=\"https:\/\/xn--conomie-critique-9pb.fr\/\" target=\"_self\"><a href=\"https:\/\/xn--conomie-critique-9pb.fr\/?page_id=108\">\u00c9l\u00e9ments d\u2019\u00e9conomie marxiste<\/a><span class=\"screen-reader-text\">\u00a0: Critique \u00e9conomique<\/span><\/a>\n\n\n<p><\/p>\n\n\n\n<h3 class=\"wp-block-heading\">Un texte plus approfondi sur les bases de l&rsquo;\u00e9conomie marxiste:<\/h3>\n\n\n\n<h3 class=\"wp-block-heading\">                             <a href=\" http:\/\/hussonet.free.fr\/rouages.pdf\"> http:\/\/hussonet.free.fr\/rouages.pdf<\/a><\/h3>\n","protected":false},"excerpt":{"rendered":"<p>Critique des n\u00e9oclassiques et initiation didactique \u00e0 l&rsquo;\u00e9conomie marxiste La th\u00e9orie \u00e9conomique n\u00e9oclassique a largement \u00e9vinc\u00e9 ses concurrentes des formations universitaires. Elle sert principalement de justification aux politiques n\u00e9olib\u00e9rales. Je vais pr\u00e9senter les bases de cette th\u00e9orie telles qu&rsquo;elles sont enseign\u00e9es aux \u00e9tudiants dans les manuels. J\u2019expliquerai que les statistiques \u00e9conomiques sapent les fondements de &#8230; <a title=\"Critique \u00e9conomique\" class=\"read-more\" href=\"https:\/\/xn--conomie-critique-9pb.fr\/\" aria-label=\"Read more about Critique \u00e9conomique\">Lire la suite<\/a><\/p>\n","protected":false},"author":1,"featured_media":0,"parent":0,"menu_order":0,"comment_status":"open","ping_status":"closed","template":"","meta":{"_monsterinsights_skip_tracking":false,"_monsterinsights_sitenote_active":false,"_monsterinsights_sitenote_note":"","_monsterinsights_sitenote_category":0,"_uf_show_specific_survey":0,"_uf_disable_surveys":false,"footnotes":""},"aioseo_notices":[],"_links":{"self":[{"href":"https:\/\/xn--conomie-critique-9pb.fr\/index.php?rest_route=\/wp\/v2\/pages\/75"}],"collection":[{"href":"https:\/\/xn--conomie-critique-9pb.fr\/index.php?rest_route=\/wp\/v2\/pages"}],"about":[{"href":"https:\/\/xn--conomie-critique-9pb.fr\/index.php?rest_route=\/wp\/v2\/types\/page"}],"author":[{"embeddable":true,"href":"https:\/\/xn--conomie-critique-9pb.fr\/index.php?rest_route=\/wp\/v2\/users\/1"}],"replies":[{"embeddable":true,"href":"https:\/\/xn--conomie-critique-9pb.fr\/index.php?rest_route=%2Fwp%2Fv2%2Fcomments&post=75"}],"version-history":[{"count":31,"href":"https:\/\/xn--conomie-critique-9pb.fr\/index.php?rest_route=\/wp\/v2\/pages\/75\/revisions"}],"predecessor-version":[{"id":519,"href":"https:\/\/xn--conomie-critique-9pb.fr\/index.php?rest_route=\/wp\/v2\/pages\/75\/revisions\/519"}],"wp:attachment":[{"href":"https:\/\/xn--conomie-critique-9pb.fr\/index.php?rest_route=%2Fwp%2Fv2%2Fmedia&parent=75"}],"curies":[{"name":"wp","href":"https:\/\/api.w.org\/{rel}","templated":true}]}}