{"id":177,"date":"2024-03-01T13:06:10","date_gmt":"2024-03-01T12:06:10","guid":{"rendered":"https:\/\/xn--conomie-critique-9pb.fr\/?page_id=177"},"modified":"2024-03-18T12:18:07","modified_gmt":"2024-03-18T11:18:07","slug":"augmentation-du-taux-de-profit","status":"publish","type":"page","link":"https:\/\/xn--conomie-critique-9pb.fr\/?page_id=177","title":{"rendered":"Comment les capitalistes tentent de restaurer le taux de profit"},"content":{"rendered":"\n<p>La concurrence tend \u00e0 entra\u00eener une \u00e9rosion du taux de profit mais les capitalistes ont des moyens pour restaurer leurs profits.<\/p>\n\n\n\n<div class=\"wp-block-group is-nowrap is-layout-flex wp-container-core-group-layout-1 wp-block-group-is-layout-flex\">\n<h3 class=\"wp-block-heading\">Le diaporama version LibreOffice:<\/h3>\n\n\n\n<div class=\"wp-block-file\"><a id=\"wp-block-file--media-8c86d883-926a-4d8e-b878-1b1f96932f8d\" href=\"https:\/\/xn--conomie-critique-9pb.fr\/wp-content\/uploads\/2024\/03\/7-.Restauration-du-taux-de-profit.odp\">7 .Restauration du taux de profit<\/a><a href=\"https:\/\/xn--conomie-critique-9pb.fr\/wp-content\/uploads\/2024\/03\/7-.Restauration-du-taux-de-profit.odp\" class=\"wp-block-file__button wp-element-button\" download aria-describedby=\"wp-block-file--media-8c86d883-926a-4d8e-b878-1b1f96932f8d\">T\u00e9l\u00e9charger<\/a><\/div>\n<\/div>\n\n\n\n<p><\/p>\n\n\n\n<div class=\"wp-block-group is-nowrap is-layout-flex wp-container-core-group-layout-2 wp-block-group-is-layout-flex\">\n<h3 class=\"wp-block-heading\">Le diaporama version PowerPoint:<\/h3>\n\n\n\n<div class=\"wp-block-file\"><a id=\"wp-block-file--media-7cd2a2f8-7bee-48a5-a48f-3edc44b1fe40\" href=\"https:\/\/xn--conomie-critique-9pb.fr\/wp-content\/uploads\/2024\/03\/7-.Restauration-du-taux-de-profit.ppt\">7-.Restauration-du-taux-de-profit<\/a><a href=\"https:\/\/xn--conomie-critique-9pb.fr\/wp-content\/uploads\/2024\/03\/7-.Restauration-du-taux-de-profit.ppt\" class=\"wp-block-file__button wp-element-button\" download aria-describedby=\"wp-block-file--media-7cd2a2f8-7bee-48a5-a48f-3edc44b1fe40\">T\u00e9l\u00e9charger<\/a><\/div>\n<\/div>\n\n\n\n<p><\/p>\n\n\n\n<h3 class=\"wp-block-heading\">Le diaporama version PDF:<\/h3>\n\n\n\n<div class=\"wp-block-group is-layout-constrained wp-block-group-is-layout-constrained\"><div class=\"wp-block-group__inner-container\">\n<div data-wp-interactive=\"\" class=\"wp-block-file aligncenter\"><object data-wp-bind--hidden=\"!selectors.core.file.hasPdfPreview\" hidden class=\"wp-block-file__embed\" data=\"https:\/\/xn--conomie-critique-9pb.fr\/wp-content\/uploads\/2024\/03\/7-.Restauration-du-taux-de-profit2.pdf\" type=\"application\/pdf\" style=\"width:100%;height:600px\" aria-label=\"Contenu embarqu\u00e9 7-.Restauration-du-taux-de-profit2.\"><\/object><a id=\"wp-block-file--media-365689b9-deb3-47dc-a4a8-6db327ad1603\" href=\"https:\/\/xn--conomie-critique-9pb.fr\/wp-content\/uploads\/2024\/03\/7-.Restauration-du-taux-de-profit2.pdf\">7-.Restauration-du-taux-de-profit2<\/a><a href=\"https:\/\/xn--conomie-critique-9pb.fr\/wp-content\/uploads\/2024\/03\/7-.Restauration-du-taux-de-profit2.pdf\" class=\"wp-block-file__button wp-element-button\" download aria-describedby=\"wp-block-file--media-365689b9-deb3-47dc-a4a8-6db327ad1603\">T\u00e9l\u00e9charger<\/a><\/div>\n<\/div><\/div>\n\n\n\n<p><\/p>\n\n\n\n<h3 class=\"wp-block-heading\">La vid\u00e9o du diaporama:<\/h3>\n\n\n\n<figure class=\"wp-block-video\"><video controls src=\"https:\/\/xn--conomie-critique-9pb.fr\/wp-content\/uploads\/2024\/03\/Restauration-du-taux-de-profit2-son.mp4\"><\/video><\/figure>\n\n\n\n<p><\/p>\n","protected":false},"excerpt":{"rendered":"<p>La concurrence tend \u00e0 entra\u00eener une \u00e9rosion du taux de profit mais les capitalistes ont des moyens pour restaurer leurs profits. Le diaporama version LibreOffice: Le diaporama version PowerPoint: Le diaporama version PDF: La vid\u00e9o du diaporama:<\/p>\n","protected":false},"author":1,"featured_media":0,"parent":0,"menu_order":0,"comment_status":"open","ping_status":"closed","template":"","meta":{"_monsterinsights_skip_tracking":false,"_monsterinsights_sitenote_active":false,"_monsterinsights_sitenote_note":"","_monsterinsights_sitenote_category":0,"_uf_show_specific_survey":0,"_uf_disable_surveys":false,"footnotes":""},"aioseo_notices":[],"_links":{"self":[{"href":"https:\/\/xn--conomie-critique-9pb.fr\/index.php?rest_route=\/wp\/v2\/pages\/177"}],"collection":[{"href":"https:\/\/xn--conomie-critique-9pb.fr\/index.php?rest_route=\/wp\/v2\/pages"}],"about":[{"href":"https:\/\/xn--conomie-critique-9pb.fr\/index.php?rest_route=\/wp\/v2\/types\/page"}],"author":[{"embeddable":true,"href":"https:\/\/xn--conomie-critique-9pb.fr\/index.php?rest_route=\/wp\/v2\/users\/1"}],"replies":[{"embeddable":true,"href":"https:\/\/xn--conomie-critique-9pb.fr\/index.php?rest_route=%2Fwp%2Fv2%2Fcomments&post=177"}],"version-history":[{"count":17,"href":"https:\/\/xn--conomie-critique-9pb.fr\/index.php?rest_route=\/wp\/v2\/pages\/177\/revisions"}],"predecessor-version":[{"id":487,"href":"https:\/\/xn--conomie-critique-9pb.fr\/index.php?rest_route=\/wp\/v2\/pages\/177\/revisions\/487"}],"wp:attachment":[{"href":"https:\/\/xn--conomie-critique-9pb.fr\/index.php?rest_route=%2Fwp%2Fv2%2Fmedia&parent=177"}],"curies":[{"name":"wp","href":"https:\/\/api.w.org\/{rel}","templated":true}]}}