{"id":171,"date":"2024-03-01T13:00:31","date_gmt":"2024-03-01T12:00:31","guid":{"rendered":"https:\/\/xn--conomie-critique-9pb.fr\/?page_id=171"},"modified":"2024-03-18T12:22:09","modified_gmt":"2024-03-18T11:22:09","slug":"perequation-du-taux-de-profit","status":"publish","type":"page","link":"https:\/\/xn--conomie-critique-9pb.fr\/?page_id=171","title":{"rendered":"P\u00e9r\u00e9quation du taux de profit"},"content":{"rendered":"\n<p>Comment le march\u00e9 fait \u00e9merger un taux de profit moyen. Comment ce m\u00e9canisme provoque des transferts de profit entre les diff\u00e9rents secteurs du capital.<\/p>\n\n\n\n<div class=\"wp-block-group is-nowrap is-layout-flex wp-container-core-group-layout-1 wp-block-group-is-layout-flex\">\n<h3 class=\"wp-block-heading\">La pr\u00e9sentation format LibreOffice:<\/h3>\n\n\n\n<div class=\"wp-block-file\"><a id=\"wp-block-file--media-047c3dbc-3488-4009-9463-ed6e9981454f\" href=\"https:\/\/xn--conomie-critique-9pb.fr\/wp-content\/uploads\/2024\/03\/5-.Perequation-du-taux-de-profit.odp\">5 .P\u00e9r\u00e9quation du taux de profit<\/a><a href=\"https:\/\/xn--conomie-critique-9pb.fr\/wp-content\/uploads\/2024\/03\/5-.Perequation-du-taux-de-profit.odp\" class=\"wp-block-file__button wp-element-button\" download aria-describedby=\"wp-block-file--media-047c3dbc-3488-4009-9463-ed6e9981454f\">T\u00e9l\u00e9charger<\/a><\/div>\n<\/div>\n\n\n\n<div class=\"wp-block-group is-nowrap is-layout-flex wp-container-core-group-layout-2 wp-block-group-is-layout-flex\">\n<h3 class=\"wp-block-heading\">Le diaporama version PowerPoint:<\/h3>\n\n\n\n<div class=\"wp-block-file\"><a id=\"wp-block-file--media-b0489907-40ae-438d-aee5-450c1e4de6ea\" href=\"https:\/\/xn--conomie-critique-9pb.fr\/wp-content\/uploads\/2024\/03\/5-.Perequation-du-taux-de-profit.ppt\">5-.Perequation-du-taux-de-profit<\/a><a href=\"https:\/\/xn--conomie-critique-9pb.fr\/wp-content\/uploads\/2024\/03\/5-.Perequation-du-taux-de-profit.ppt\" class=\"wp-block-file__button wp-element-button\" download aria-describedby=\"wp-block-file--media-b0489907-40ae-438d-aee5-450c1e4de6ea\">T\u00e9l\u00e9charger<\/a><\/div>\n<\/div>\n\n\n\n<p><\/p>\n\n\n\n<p><\/p>\n\n\n\n<h3 class=\"wp-block-heading\">La pr\u00e9sentation format PDF:<\/h3>\n\n\n\n<div data-wp-interactive=\"\" class=\"wp-block-file\"><object data-wp-bind--hidden=\"!selectors.core.file.hasPdfPreview\" hidden class=\"wp-block-file__embed\" data=\"https:\/\/xn--conomie-critique-9pb.fr\/wp-content\/uploads\/2024\/03\/5-.Perequation-du-taux-de-profit.pdf\" type=\"application\/pdf\" style=\"width:100%;height:600px\" aria-label=\"Contenu embarqu\u00e9 5-.Perequation-du-taux-de-profit.\"><\/object><a id=\"wp-block-file--media-7cab341a-ff14-44af-89a5-016b21d29748\" href=\"https:\/\/xn--conomie-critique-9pb.fr\/wp-content\/uploads\/2024\/03\/5-.Perequation-du-taux-de-profit.pdf\">5-.Perequation-du-taux-de-profit<\/a><a href=\"https:\/\/xn--conomie-critique-9pb.fr\/wp-content\/uploads\/2024\/03\/5-.Perequation-du-taux-de-profit.pdf\" class=\"wp-block-file__button wp-element-button\" download aria-describedby=\"wp-block-file--media-7cab341a-ff14-44af-89a5-016b21d29748\">T\u00e9l\u00e9charger<\/a><\/div>\n\n\n\n<p><\/p>\n\n\n\n<p><\/p>\n\n\n\n<h3 class=\"wp-block-heading\">La vid\u00e9o de la pr\u00e9sentation:<\/h3>\n\n\n\n<figure class=\"wp-block-video\"><video controls src=\"https:\/\/xn--conomie-critique-9pb.fr\/wp-content\/uploads\/2024\/03\/Perequation-du-taux-de-profit-son.mp4\"><\/video><\/figure>\n\n\n\n<p><\/p>\n\n\n\n<p><\/p>\n\n\n\n<h3 class=\"wp-block-heading\">Pour aller (beaucoup) plus loin:<\/h3>\n\n\n\n<p>Le probl\u00e8me de la formation des prix de production a donn\u00e9 lieu \u00e0 de nombreuses discussions. Certains \u00e9conomistes y ont vu la preuve d&rsquo;une erreur de Marx qui ruinerait sa conception de la valeur travail. Le regrett\u00e9 Michel Husson a d\u00e9mont\u00e9 ces objections  dans cette magistrale \u00e9tude:<\/p>\n\n\n\n<div data-wp-interactive=\"\" class=\"wp-block-file\"><object data-wp-bind--hidden=\"!selectors.core.file.hasPdfPreview\" hidden class=\"wp-block-file__embed\" data=\"https:\/\/xn--conomie-critique-9pb.fr\/wp-content\/uploads\/2024\/03\/Husson-Critique-de-Sraffa-sur-la-formation-des-prix.pdf\" type=\"application\/pdf\" style=\"width:100%;height:600px\" aria-label=\"Contenu embarqu\u00e9 Husson-Critique-de-Sraffa-sur-la-formation-des-prix.\"><\/object><a id=\"wp-block-file--media-84c46c49-3757-4171-ba3b-70022575f367\" href=\"https:\/\/xn--conomie-critique-9pb.fr\/wp-content\/uploads\/2024\/03\/Husson-Critique-de-Sraffa-sur-la-formation-des-prix.pdf\">Husson-Critique-de-Sraffa-sur-la-formation-des-prix<\/a><a href=\"https:\/\/xn--conomie-critique-9pb.fr\/wp-content\/uploads\/2024\/03\/Husson-Critique-de-Sraffa-sur-la-formation-des-prix.pdf\" class=\"wp-block-file__button wp-element-button\" download aria-describedby=\"wp-block-file--media-84c46c49-3757-4171-ba3b-70022575f367\">T\u00e9l\u00e9charger<\/a><\/div>\n\n\n\n<p><\/p>\n\n\n\n<p><\/p>\n\n\n\n<p>Le site de Michel Husson: <a href=\"http:\/\/hussonet.free.fr\/\" title=\"\">http:\/\/hussonet.free.fr\/<\/a><\/p>\n","protected":false},"excerpt":{"rendered":"<p>Comment le march\u00e9 fait \u00e9merger un taux de profit moyen. Comment ce m\u00e9canisme provoque des transferts de profit entre les diff\u00e9rents secteurs du capital. La pr\u00e9sentation format LibreOffice: Le diaporama version PowerPoint: La pr\u00e9sentation format PDF: La vid\u00e9o de la pr\u00e9sentation: Pour aller (beaucoup) plus loin: Le probl\u00e8me de la formation des prix de production &#8230; <a title=\"P\u00e9r\u00e9quation du taux de profit\" class=\"read-more\" href=\"https:\/\/xn--conomie-critique-9pb.fr\/?page_id=171\" aria-label=\"Read more about P\u00e9r\u00e9quation du taux de profit\">Lire la suite<\/a><\/p>\n","protected":false},"author":1,"featured_media":0,"parent":0,"menu_order":0,"comment_status":"open","ping_status":"closed","template":"","meta":{"_monsterinsights_skip_tracking":false,"_monsterinsights_sitenote_active":false,"_monsterinsights_sitenote_note":"","_monsterinsights_sitenote_category":0,"_uf_show_specific_survey":0,"_uf_disable_surveys":false,"footnotes":""},"aioseo_notices":[],"_links":{"self":[{"href":"https:\/\/xn--conomie-critique-9pb.fr\/index.php?rest_route=\/wp\/v2\/pages\/171"}],"collection":[{"href":"https:\/\/xn--conomie-critique-9pb.fr\/index.php?rest_route=\/wp\/v2\/pages"}],"about":[{"href":"https:\/\/xn--conomie-critique-9pb.fr\/index.php?rest_route=\/wp\/v2\/types\/page"}],"author":[{"embeddable":true,"href":"https:\/\/xn--conomie-critique-9pb.fr\/index.php?rest_route=\/wp\/v2\/users\/1"}],"replies":[{"embeddable":true,"href":"https:\/\/xn--conomie-critique-9pb.fr\/index.php?rest_route=%2Fwp%2Fv2%2Fcomments&post=171"}],"version-history":[{"count":15,"href":"https:\/\/xn--conomie-critique-9pb.fr\/index.php?rest_route=\/wp\/v2\/pages\/171\/revisions"}],"predecessor-version":[{"id":503,"href":"https:\/\/xn--conomie-critique-9pb.fr\/index.php?rest_route=\/wp\/v2\/pages\/171\/revisions\/503"}],"wp:attachment":[{"href":"https:\/\/xn--conomie-critique-9pb.fr\/index.php?rest_route=%2Fwp%2Fv2%2Fmedia&parent=171"}],"curies":[{"name":"wp","href":"https:\/\/api.w.org\/{rel}","templated":true}]}}