{"id":168,"date":"2024-03-01T12:57:23","date_gmt":"2024-03-01T11:57:23","guid":{"rendered":"https:\/\/xn--conomie-critique-9pb.fr\/?page_id=168"},"modified":"2024-03-18T12:20:11","modified_gmt":"2024-03-18T11:20:11","slug":"le-taux-de-profit","status":"publish","type":"page","link":"https:\/\/xn--conomie-critique-9pb.fr\/?page_id=168","title":{"rendered":"Le taux de profit"},"content":{"rendered":"\n<p>Le taux de profit est la mesure de la rentabilit\u00e9 des investissements. Nous verrons quels \u00e9l\u00e9ments influent sur sa valeur.<\/p>\n\n\n\n<div class=\"wp-block-group is-nowrap is-layout-flex wp-container-core-group-layout-1 wp-block-group-is-layout-flex\">\n<h3 class=\"wp-block-heading\">Le diaporama format LibreOffice:<\/h3>\n\n\n\n<div class=\"wp-block-file\"><a id=\"wp-block-file--media-f8b5d190-834b-4449-ad09-85325281cb69\" href=\"https:\/\/xn--conomie-critique-9pb.fr\/wp-content\/uploads\/2024\/03\/4-.Profit-et-taux-de-profit.odp\">4 .Profit et taux de profit<\/a><a href=\"https:\/\/xn--conomie-critique-9pb.fr\/wp-content\/uploads\/2024\/03\/4-.Profit-et-taux-de-profit.odp\" class=\"wp-block-file__button wp-element-button\" download aria-describedby=\"wp-block-file--media-f8b5d190-834b-4449-ad09-85325281cb69\">T\u00e9l\u00e9charger<\/a><\/div>\n<\/div>\n\n\n\n<div class=\"wp-block-group is-nowrap is-layout-flex wp-container-core-group-layout-2 wp-block-group-is-layout-flex\">\n<h3 class=\"wp-block-heading\">Le diaporama version PowerPoint:<\/h3>\n\n\n\n<div class=\"wp-block-file\"><a id=\"wp-block-file--media-c69793a0-4567-4609-8719-cfe927930831\" href=\"https:\/\/xn--conomie-critique-9pb.fr\/wp-content\/uploads\/2024\/03\/4-.Profit-et-taux-de-profit.ppt\">4-.Profit-et-taux-de-profit<\/a><a href=\"https:\/\/xn--conomie-critique-9pb.fr\/wp-content\/uploads\/2024\/03\/4-.Profit-et-taux-de-profit.ppt\" class=\"wp-block-file__button wp-element-button\" download aria-describedby=\"wp-block-file--media-c69793a0-4567-4609-8719-cfe927930831\">T\u00e9l\u00e9charger<\/a><\/div>\n<\/div>\n\n\n\n<h3 class=\"wp-block-heading\">Le diaporama format PDF:<\/h3>\n\n\n\n<div data-wp-interactive=\"\" class=\"wp-block-file\"><object data-wp-bind--hidden=\"!selectors.core.file.hasPdfPreview\" hidden class=\"wp-block-file__embed\" data=\"https:\/\/xn--conomie-critique-9pb.fr\/wp-content\/uploads\/2024\/03\/4-.Profit-et-taux-de-profit.pdf\" type=\"application\/pdf\" style=\"width:100%;height:600px\" aria-label=\"Contenu embarqu\u00e9 4-.Profit-et-taux-de-profit.\"><\/object><a id=\"wp-block-file--media-1dfc369f-dbfe-4eb0-96af-2e0e16ab34a5\" href=\"https:\/\/xn--conomie-critique-9pb.fr\/wp-content\/uploads\/2024\/03\/4-.Profit-et-taux-de-profit.pdf\">4-.Profit-et-taux-de-profit<\/a><a href=\"https:\/\/xn--conomie-critique-9pb.fr\/wp-content\/uploads\/2024\/03\/4-.Profit-et-taux-de-profit.pdf\" class=\"wp-block-file__button wp-element-button\" download aria-describedby=\"wp-block-file--media-1dfc369f-dbfe-4eb0-96af-2e0e16ab34a5\">T\u00e9l\u00e9charger<\/a><\/div>\n\n\n\n<p><\/p>\n\n\n\n<h3 class=\"wp-block-heading\">La vid\u00e9o du diaporama:<\/h3>\n\n\n\n<figure class=\"wp-block-video\"><video controls src=\"https:\/\/xn--conomie-critique-9pb.fr\/wp-content\/uploads\/2024\/03\/Taux-de-profit-son.mp4\"><\/video><\/figure>\n","protected":false},"excerpt":{"rendered":"<p>Le taux de profit est la mesure de la rentabilit\u00e9 des investissements. Nous verrons quels \u00e9l\u00e9ments influent sur sa valeur. Le diaporama format LibreOffice: Le diaporama version PowerPoint: Le diaporama format PDF: La vid\u00e9o du diaporama:<\/p>\n","protected":false},"author":1,"featured_media":0,"parent":0,"menu_order":0,"comment_status":"open","ping_status":"closed","template":"","meta":{"_monsterinsights_skip_tracking":false,"_monsterinsights_sitenote_active":false,"_monsterinsights_sitenote_note":"","_monsterinsights_sitenote_category":0,"_uf_show_specific_survey":0,"_uf_disable_surveys":false,"footnotes":""},"aioseo_notices":[],"_links":{"self":[{"href":"https:\/\/xn--conomie-critique-9pb.fr\/index.php?rest_route=\/wp\/v2\/pages\/168"}],"collection":[{"href":"https:\/\/xn--conomie-critique-9pb.fr\/index.php?rest_route=\/wp\/v2\/pages"}],"about":[{"href":"https:\/\/xn--conomie-critique-9pb.fr\/index.php?rest_route=\/wp\/v2\/types\/page"}],"author":[{"embeddable":true,"href":"https:\/\/xn--conomie-critique-9pb.fr\/index.php?rest_route=\/wp\/v2\/users\/1"}],"replies":[{"embeddable":true,"href":"https:\/\/xn--conomie-critique-9pb.fr\/index.php?rest_route=%2Fwp%2Fv2%2Fcomments&post=168"}],"version-history":[{"count":9,"href":"https:\/\/xn--conomie-critique-9pb.fr\/index.php?rest_route=\/wp\/v2\/pages\/168\/revisions"}],"predecessor-version":[{"id":489,"href":"https:\/\/xn--conomie-critique-9pb.fr\/index.php?rest_route=\/wp\/v2\/pages\/168\/revisions\/489"}],"wp:attachment":[{"href":"https:\/\/xn--conomie-critique-9pb.fr\/index.php?rest_route=%2Fwp%2Fv2%2Fmedia&parent=168"}],"curies":[{"name":"wp","href":"https:\/\/api.w.org\/{rel}","templated":true}]}}