{"id":163,"date":"2024-03-01T12:50:14","date_gmt":"2024-03-01T11:50:14","guid":{"rendered":"https:\/\/xn--conomie-critique-9pb.fr\/?page_id=163"},"modified":"2024-03-18T12:22:45","modified_gmt":"2024-03-18T11:22:45","slug":"le-profit","status":"publish","type":"page","link":"https:\/\/xn--conomie-critique-9pb.fr\/?page_id=163","title":{"rendered":"Une explication du profit"},"content":{"rendered":"\n<p>Comment la notion de valeur travail permet de comprendre d\u2019o\u00f9 vient le profit.<\/p>\n\n\n\n<p>La notion de valeur travail est un concept introduit par les premiers \u00e9conomistes. Elle a \u00e9t\u00e9 reprise et enrichie par Marx. Elle a \u00e9t\u00e9 abandonn\u00e9e par les n\u00e9oclassiques, peut \u00eatre car elle permet de d\u00e9voiler la mani\u00e8re dont les capitalistes exploitent les salari\u00e9s.<\/p>\n\n\n\n<div class=\"wp-block-group is-nowrap is-layout-flex wp-container-core-group-layout-1 wp-block-group-is-layout-flex\">\n<h3 class=\"wp-block-heading\">Le diaporama format LibreOffice:<\/h3>\n\n\n\n<div class=\"wp-block-file\"><a id=\"wp-block-file--media-ac10a0f4-7dd1-4a61-8ffa-4ca773deadb9\" href=\"https:\/\/xn--conomie-critique-9pb.fr\/wp-content\/uploads\/2024\/03\/3-.Valeur-et-profit.odp\">3 .Valeur et profit<\/a><a href=\"https:\/\/xn--conomie-critique-9pb.fr\/wp-content\/uploads\/2024\/03\/3-.Valeur-et-profit.odp\" class=\"wp-block-file__button wp-element-button\" download aria-describedby=\"wp-block-file--media-ac10a0f4-7dd1-4a61-8ffa-4ca773deadb9\">T\u00e9l\u00e9charger<\/a><\/div>\n<\/div>\n\n\n\n<div class=\"wp-block-group is-nowrap is-layout-flex wp-container-core-group-layout-2 wp-block-group-is-layout-flex\">\n<h3 class=\"wp-block-heading\">Le diaporama version PowerPoint:<\/h3>\n\n\n\n<div class=\"wp-block-file\"><a id=\"wp-block-file--media-a3c7204e-0041-4add-8b59-e54b92bcfa1c\" href=\"https:\/\/xn--conomie-critique-9pb.fr\/wp-content\/uploads\/2024\/03\/3-.Valeur-et-profit.ppt\">3-.Valeur-et-profit<\/a><a href=\"https:\/\/xn--conomie-critique-9pb.fr\/wp-content\/uploads\/2024\/03\/3-.Valeur-et-profit.ppt\" class=\"wp-block-file__button wp-element-button\" download aria-describedby=\"wp-block-file--media-a3c7204e-0041-4add-8b59-e54b92bcfa1c\">T\u00e9l\u00e9charger<\/a><\/div>\n<\/div>\n\n\n\n<p><\/p>\n\n\n\n<p><\/p>\n\n\n\n<h3 class=\"wp-block-heading\">Le diaporama format PDF:<\/h3>\n\n\n\n<div data-wp-interactive=\"\" class=\"wp-block-file\"><object data-wp-bind--hidden=\"!selectors.core.file.hasPdfPreview\" hidden class=\"wp-block-file__embed\" data=\"https:\/\/xn--conomie-critique-9pb.fr\/wp-content\/uploads\/2024\/03\/3-.Valeur-et-profit.pdf\" type=\"application\/pdf\" style=\"width:100%;height:600px\" aria-label=\"Contenu embarqu\u00e9 3 .Valeur et profit.\"><\/object><a id=\"wp-block-file--media-12975d13-ef57-4c79-aff9-99ed65f79a00\" href=\"https:\/\/xn--conomie-critique-9pb.fr\/wp-content\/uploads\/2024\/03\/3-.Valeur-et-profit.pdf\">3 .Valeur et profit<\/a><a href=\"https:\/\/xn--conomie-critique-9pb.fr\/wp-content\/uploads\/2024\/03\/3-.Valeur-et-profit.pdf\" class=\"wp-block-file__button wp-element-button\" download aria-describedby=\"wp-block-file--media-12975d13-ef57-4c79-aff9-99ed65f79a00\">T\u00e9l\u00e9charger<\/a><\/div>\n\n\n\n<p><\/p>\n\n\n\n<p><\/p>\n\n\n\n<h3 class=\"wp-block-heading\">La vid\u00e9o de la pr\u00e9sentation:<\/h3>\n\n\n\n<figure class=\"wp-block-video\"><video controls src=\"https:\/\/xn--conomie-critique-9pb.fr\/wp-content\/uploads\/2024\/03\/Le-profit2-son.mp4\"><\/video><\/figure>\n","protected":false},"excerpt":{"rendered":"<p>Comment la notion de valeur travail permet de comprendre d\u2019o\u00f9 vient le profit. La notion de valeur travail est un concept introduit par les premiers \u00e9conomistes. Elle a \u00e9t\u00e9 reprise et enrichie par Marx. Elle a \u00e9t\u00e9 abandonn\u00e9e par les n\u00e9oclassiques, peut \u00eatre car elle permet de d\u00e9voiler la mani\u00e8re dont les capitalistes exploitent les &#8230; <a title=\"Une explication du profit\" class=\"read-more\" href=\"https:\/\/xn--conomie-critique-9pb.fr\/?page_id=163\" aria-label=\"Read more about Une explication du profit\">Lire la suite<\/a><\/p>\n","protected":false},"author":1,"featured_media":0,"parent":0,"menu_order":0,"comment_status":"open","ping_status":"closed","template":"","meta":{"_monsterinsights_skip_tracking":false,"_monsterinsights_sitenote_active":false,"_monsterinsights_sitenote_note":"","_monsterinsights_sitenote_category":0,"_uf_show_specific_survey":0,"_uf_disable_surveys":false,"footnotes":""},"aioseo_notices":[],"_links":{"self":[{"href":"https:\/\/xn--conomie-critique-9pb.fr\/index.php?rest_route=\/wp\/v2\/pages\/163"}],"collection":[{"href":"https:\/\/xn--conomie-critique-9pb.fr\/index.php?rest_route=\/wp\/v2\/pages"}],"about":[{"href":"https:\/\/xn--conomie-critique-9pb.fr\/index.php?rest_route=\/wp\/v2\/types\/page"}],"author":[{"embeddable":true,"href":"https:\/\/xn--conomie-critique-9pb.fr\/index.php?rest_route=\/wp\/v2\/users\/1"}],"replies":[{"embeddable":true,"href":"https:\/\/xn--conomie-critique-9pb.fr\/index.php?rest_route=%2Fwp%2Fv2%2Fcomments&post=163"}],"version-history":[{"count":11,"href":"https:\/\/xn--conomie-critique-9pb.fr\/index.php?rest_route=\/wp\/v2\/pages\/163\/revisions"}],"predecessor-version":[{"id":506,"href":"https:\/\/xn--conomie-critique-9pb.fr\/index.php?rest_route=\/wp\/v2\/pages\/163\/revisions\/506"}],"wp:attachment":[{"href":"https:\/\/xn--conomie-critique-9pb.fr\/index.php?rest_route=%2Fwp%2Fv2%2Fmedia&parent=163"}],"curies":[{"name":"wp","href":"https:\/\/api.w.org\/{rel}","templated":true}]}}