{"id":108,"date":"2024-02-26T08:13:59","date_gmt":"2024-02-26T07:13:59","guid":{"rendered":"https:\/\/xn--conomie-critique-9pb.fr\/?page_id=108"},"modified":"2024-04-02T18:20:44","modified_gmt":"2024-04-02T16:20:44","slug":"quest-ce-que-la-valeur","status":"publish","type":"page","link":"https:\/\/xn--conomie-critique-9pb.fr\/?page_id=108","title":{"rendered":"\u00c9l\u00e9ments d&rsquo;\u00e9conomie marxiste"},"content":{"rendered":"\n<p>L&rsquo;\u00e9conomie marxiste est peu enseign\u00e9e et la lecture du magistral ouvrage de Marx \u00ab\u00a0Le capital\u00a0\u00bb semble inabordable \u00e0 beaucoup de gens. Pourtant elle est indispensable pour comprendre l&rsquo;\u00e9conomie r\u00e9elle. J&rsquo;ai tent\u00e9 de pr\u00e9senter les bases de cette th\u00e9orie de la mani\u00e8re la plus accessible.<\/p>\n\n\n\n<div class=\"wp-block-group is-nowrap is-layout-flex wp-container-core-group-layout-1 wp-block-group-is-layout-flex\">\n<h4 class=\"wp-block-heading\">Comment les lois du march\u00e9 fixent la valeur des marchandises: <\/h4>\n<\/div>\n\n\n<a class=\"wp-block-read-more\" href=\"https:\/\/xn--conomie-critique-9pb.fr\/?page_id=108\" target=\"_self\"><a href=\"https:\/\/xn--conomie-critique-9pb.fr\/?page_id=154\">La valeur<\/a><span class=\"screen-reader-text\">\u00a0: \u00c9l\u00e9ments d&rsquo;\u00e9conomie marxiste<\/span><\/a>\n\n\n<div class=\"wp-block-group is-nowrap is-layout-flex wp-container-core-group-layout-2 wp-block-group-is-layout-flex\">\n<h4 class=\"wp-block-heading\">Comment le march\u00e9 unifie les diff\u00e9rentes formes du travail :<\/h4>\n<\/div>\n\n\n<a class=\"wp-block-read-more\" href=\"https:\/\/xn--conomie-critique-9pb.fr\/?page_id=108\" target=\"_self\"><a href=\"https:\/\/xn--conomie-critique-9pb.fr\/?page_id=158\">Le travail<\/a><span class=\"screen-reader-text\">\u00a0: \u00c9l\u00e9ments d&rsquo;\u00e9conomie marxiste<\/span><\/a>\n\n\n<div class=\"wp-block-group is-nowrap is-layout-flex wp-container-core-group-layout-3 wp-block-group-is-layout-flex\">\n<h4 class=\"wp-block-heading\">Comment les capitalistes r\u00e9alisent un profit:<\/h4>\n<\/div>\n\n\n<a class=\"wp-block-read-more\" href=\"https:\/\/xn--conomie-critique-9pb.fr\/?page_id=108\" target=\"_self\"><a href=\"https:\/\/xn--conomie-critique-9pb.fr\/?page_id=163\">Le profit<\/a><span class=\"screen-reader-text\">\u00a0: \u00c9l\u00e9ments d&rsquo;\u00e9conomie marxiste<\/span><\/a>\n\n\n<div class=\"wp-block-group is-nowrap is-layout-flex wp-container-core-group-layout-4 wp-block-group-is-layout-flex\">\n<h4 class=\"wp-block-heading\">Comment mesurer le profit:<\/h4>\n<\/div>\n\n\n<a class=\"wp-block-read-more\" href=\"https:\/\/xn--conomie-critique-9pb.fr\/?page_id=108\" target=\"_self\"><a href=\"https:\/\/xn--conomie-critique-9pb.fr\/?page_id=168\">Le taux de profit<\/a><span class=\"screen-reader-text\">\u00a0: \u00c9l\u00e9ments d&rsquo;\u00e9conomie marxiste<\/span><\/a>\n\n\n<div class=\"wp-block-group is-nowrap is-layout-flex wp-container-core-group-layout-5 wp-block-group-is-layout-flex\">\n<h4 class=\"wp-block-heading\">Comment la concurrence fait converger les diff\u00e9rents taux de profit:<\/h4>\n<\/div>\n\n\n<a class=\"wp-block-read-more\" href=\"https:\/\/xn--conomie-critique-9pb.fr\/?page_id=108\" target=\"_self\"><a href=\"https:\/\/xn--conomie-critique-9pb.fr\/?page_id=171\">P\u00e9r\u00e9quation du taux de profit<\/a><span class=\"screen-reader-text\">\u00a0: \u00c9l\u00e9ments d&rsquo;\u00e9conomie marxiste<\/span><\/a>\n\n\n<div class=\"wp-block-group is-nowrap is-layout-flex wp-container-core-group-layout-6 wp-block-group-is-layout-flex\">\n<h4 class=\"wp-block-heading\">Comment la concurrence  tend \u00e0 faire baisser du taux de profit:<\/h4>\n<\/div>\n\n\n<a class=\"wp-block-read-more\" href=\"https:\/\/xn--conomie-critique-9pb.fr\/?page_id=108\" target=\"_self\"><a href=\"https:\/\/xn--conomie-critique-9pb.fr\/?page_id=174\">Tendance \u00e0 la baisse du taux de profit<\/a><span class=\"screen-reader-text\">\u00a0: \u00c9l\u00e9ments d&rsquo;\u00e9conomie marxiste<\/span><\/a>\n\n\n<div class=\"wp-block-group is-nowrap is-layout-flex wp-container-core-group-layout-7 wp-block-group-is-layout-flex\">\n<h4 class=\"wp-block-heading\">Comment les capitalistes luttent contre la baisse du taux de profit:<\/h4>\n<\/div>\n\n\n<a class=\"wp-block-read-more\" href=\"https:\/\/xn--conomie-critique-9pb.fr\/?page_id=108\" target=\"_self\"><a href=\"https:\/\/xn--conomie-critique-9pb.fr\/?page_id=177\">Augmentation du taux de profit<\/a><span class=\"screen-reader-text\">\u00a0: \u00c9l\u00e9ments d&rsquo;\u00e9conomie marxiste<\/span><\/a>\n\n\n<div class=\"wp-block-group is-nowrap is-layout-flex wp-container-core-group-layout-8 wp-block-group-is-layout-flex\">\n<h4 class=\"wp-block-heading\">Comment expliquer les crises p\u00e9riodiques:<\/h4>\n<\/div>\n\n\n<a class=\"wp-block-read-more\" href=\"https:\/\/xn--conomie-critique-9pb.fr\/?page_id=108\" target=\"_self\"><a href=\"https:\/\/xn--conomie-critique-9pb.fr\/?page_id=180\">Les crises p\u00e9riodiques<\/a><span class=\"screen-reader-text\">\u00a0: \u00c9l\u00e9ments d&rsquo;\u00e9conomie marxiste<\/span><\/a>\n\n\n<div class=\"wp-block-group is-nowrap is-layout-flex wp-container-core-group-layout-9 wp-block-group-is-layout-flex\">\n<h4 class=\"wp-block-heading\">Comment expliquer les crises de long terme:<\/h4>\n<\/div>\n\n\n<a class=\"wp-block-read-more\" href=\"https:\/\/xn--conomie-critique-9pb.fr\/?page_id=108\" target=\"_self\"><a href=\"https:\/\/xn--conomie-critique-9pb.fr\/?page_id=183\">Les crises de long terme<\/a><span class=\"screen-reader-text\">\u00a0: \u00c9l\u00e9ments d&rsquo;\u00e9conomie marxiste<\/span><\/a>\n\n\n<div class=\"wp-block-group is-nowrap is-layout-flex wp-container-core-group-layout-10 wp-block-group-is-layout-flex\">\n<h4 class=\"wp-block-heading\">Comment les monopoles agissent sur la concurrence:<\/h4>\n<\/div>\n\n\n<a class=\"wp-block-read-more\" href=\"https:\/\/xn--conomie-critique-9pb.fr\/?page_id=108\" target=\"_self\"><a href=\"https:\/\/xn--conomie-critique-9pb.fr\/?page_id=186\">Les monopoles<\/a><span class=\"screen-reader-text\">\u00a0: \u00c9l\u00e9ments d&rsquo;\u00e9conomie marxiste<\/span><\/a>\n\n\n<h4 class=\"wp-block-heading\">Pour aller plus loin:      <a href=\"http:\/\/hussonet.free.fr\/rouages.pdf\">http:\/\/hussonet.free.fr\/rouages.pdf<\/a><\/h4>\n","protected":false},"excerpt":{"rendered":"<p>L&rsquo;\u00e9conomie marxiste est peu enseign\u00e9e et la lecture du magistral ouvrage de Marx \u00ab\u00a0Le capital\u00a0\u00bb semble inabordable \u00e0 beaucoup de gens. Pourtant elle est indispensable pour comprendre l&rsquo;\u00e9conomie r\u00e9elle. J&rsquo;ai tent\u00e9 de pr\u00e9senter les bases de cette th\u00e9orie de la mani\u00e8re la plus accessible. Comment les lois du march\u00e9 fixent la valeur des marchandises: Comment &#8230; <a title=\"\u00c9l\u00e9ments d&rsquo;\u00e9conomie marxiste\" class=\"read-more\" href=\"https:\/\/xn--conomie-critique-9pb.fr\/?page_id=108\" aria-label=\"Read more about \u00c9l\u00e9ments d&rsquo;\u00e9conomie marxiste\">Lire la suite<\/a><\/p>\n","protected":false},"author":1,"featured_media":0,"parent":0,"menu_order":0,"comment_status":"open","ping_status":"closed","template":"","meta":{"_monsterinsights_skip_tracking":false,"_monsterinsights_sitenote_active":false,"_monsterinsights_sitenote_note":"","_monsterinsights_sitenote_category":0,"_uf_show_specific_survey":0,"_uf_disable_surveys":false,"footnotes":""},"aioseo_notices":[],"_links":{"self":[{"href":"https:\/\/xn--conomie-critique-9pb.fr\/index.php?rest_route=\/wp\/v2\/pages\/108"}],"collection":[{"href":"https:\/\/xn--conomie-critique-9pb.fr\/index.php?rest_route=\/wp\/v2\/pages"}],"about":[{"href":"https:\/\/xn--conomie-critique-9pb.fr\/index.php?rest_route=\/wp\/v2\/types\/page"}],"author":[{"embeddable":true,"href":"https:\/\/xn--conomie-critique-9pb.fr\/index.php?rest_route=\/wp\/v2\/users\/1"}],"replies":[{"embeddable":true,"href":"https:\/\/xn--conomie-critique-9pb.fr\/index.php?rest_route=%2Fwp%2Fv2%2Fcomments&post=108"}],"version-history":[{"count":20,"href":"https:\/\/xn--conomie-critique-9pb.fr\/index.php?rest_route=\/wp\/v2\/pages\/108\/revisions"}],"predecessor-version":[{"id":521,"href":"https:\/\/xn--conomie-critique-9pb.fr\/index.php?rest_route=\/wp\/v2\/pages\/108\/revisions\/521"}],"wp:attachment":[{"href":"https:\/\/xn--conomie-critique-9pb.fr\/index.php?rest_route=%2Fwp%2Fv2%2Fmedia&parent=108"}],"curies":[{"name":"wp","href":"https:\/\/api.w.org\/{rel}","templated":true}]}}